{"id":1700,"date":"2024-06-12T10:39:15","date_gmt":"2024-06-12T10:39:15","guid":{"rendered":"https:\/\/aledinstalaciones.com\/?page_id=1700"},"modified":"2024-06-12T12:12:32","modified_gmt":"2024-06-12T12:12:32","slug":"aviso-legal","status":"publish","type":"page","link":"https:\/\/aledinstalaciones.com\/en\/aviso-legal\/","title":{"rendered":"Aviso legal"},"content":{"rendered":"<div data-elementor-type=\"wp-page\" data-elementor-id=\"1700\" class=\"elementor elementor-1700\" data-elementor-post-type=\"page\">\n\t\t\t\t<div class=\"elementor-element elementor-element-da7db10 e-flex e-con-boxed wpr-particle-no wpr-jarallax-no wpr-parallax-no wpr-sticky-section-no e-con e-parent\" data-id=\"da7db10\" data-element_type=\"container\" data-settings=\"{&quot;background_background&quot;:&quot;classic&quot;,&quot;shape_divider_bottom&quot;:&quot;tilt&quot;}\">\n\t\t\t\t\t<div class=\"e-con-inner\">\n\t\t\t\t<div class=\"elementor-shape elementor-shape-bottom\" data-negative=\"false\">\n\t\t\t<svg xmlns=\"http:\/\/www.w3.org\/2000\/svg\" viewbox=\"0 0 1000 100\" preserveaspectratio=\"none\">\n\t<path class=\"elementor-shape-fill\" d=\"M0,6V0h1000v100L0,6z\"\/>\n<\/svg>\t\t<\/div>\n\t\t\t\t\t<\/div>\n\t\t\t\t<\/div>\n\t\t<div class=\"elementor-element elementor-element-7c46ce8 e-flex e-con-boxed wpr-particle-no wpr-jarallax-no wpr-parallax-no wpr-sticky-section-no e-con e-parent\" data-id=\"7c46ce8\" data-element_type=\"container\" data-settings=\"{&quot;background_background&quot;:&quot;classic&quot;,&quot;shape_divider_top&quot;:&quot;opacity-fan&quot;}\">\n\t\t\t\t\t<div class=\"e-con-inner\">\n\t\t\t\t<div class=\"elementor-shape elementor-shape-top\" data-negative=\"false\">\n\t\t\t<svg xmlns=\"http:\/\/www.w3.org\/2000\/svg\" viewbox=\"0 0 283.5 19.6\" preserveaspectratio=\"none\">\n\t<path class=\"elementor-shape-fill\" style=\"opacity:0.33\" d=\"M0 0L0 18.8 141.8 4.1 283.5 18.8 283.5 0z\"\/>\n\t<path class=\"elementor-shape-fill\" style=\"opacity:0.33\" d=\"M0 0L0 12.6 141.8 4 283.5 12.6 283.5 0z\"\/>\n\t<path class=\"elementor-shape-fill\" style=\"opacity:0.33\" d=\"M0 0L0 6.4 141.8 4 283.5 6.4 283.5 0z\"\/>\n\t<path class=\"elementor-shape-fill\" d=\"M0 0L0 1.2 141.8 4 283.5 1.2 283.5 0z\"\/>\n<\/svg>\t\t<\/div>\n\t\t\t\t<div class=\"elementor-element elementor-element-e4fc23e animated-slow elementor-invisible elementor-widget elementor-widget-text-editor\" data-id=\"e4fc23e\" data-element_type=\"widget\" data-settings=\"{&quot;_animation&quot;:&quot;fadeInUp&quot;}\" data-widget_type=\"text-editor.default\">\n\t\t\t\t<div class=\"elementor-widget-container\">\n\t\t\t\t\t\t\t\t\t<p>El presente documento contiene la regulaci\u00f3n del acceso y la utilizaci\u00f3n de la p\u00e1gina web https:\/\/aledinstalaciones.com, https:\/\/aledinstalaciones.com (en adelante, la p\u00e1gina web) cuyo titular es ALED INGENIERIA E INSTALACIONES EL\u00c9CTRICAS, S.L. (en adelante ALED INSTALACIONES) con CIF.- B47750732.<\/p>\n<p>Los nombres de dominio,&nbsp;<span style=\"font-family: Montserrat; font-size: 16px; font-style: normal; font-variant-ligatures: normal; font-variant-caps: normal; font-weight: 400;\">aledinstalaciones.com<\/span>&nbsp;y&nbsp;<span style=\"font-family: Montserrat; font-size: 16px; font-style: normal; font-variant-ligatures: normal; font-variant-caps: normal; font-weight: 400;\">aledinstalaciones.es<\/span>, est\u00e1n registrados a favor de ALED INSTALACIONES. El domicilio social de ALED INSTALACIONES queda establecido, a los efectos de la presente Informaci\u00f3n Legal, enc\/ Mateo Seoane Sobral 3 47014 Valladolid.<\/p>\n<p>El usuario puede ponerse en contacto con nosotros en los siguientes n\u00fameros y e-mail:<\/p>\n<p>Tel\u00e9fono (+34) 676352942<br>\nE-mail info@aledinstalaciones.com<\/p>\n<p>El acceso y\/o utilizaci\u00f3n de la p\u00e1gina web implica la aceptaci\u00f3n y aplicaci\u00f3n de las condiciones a que se refiere el presente documento en el momento de producirse tal acceso y\/o utilizaci\u00f3n.<\/p>\n<h1><span style=\"color: #000000;\">CONDICIONES GENERALES DE USO DE LOS SITIOS WEB<\/span><\/h1>\n<p>El acceso y navegaci\u00f3n en este sitio Web implica la expresa y plena aceptaci\u00f3n de las condiciones aqu\u00ed expuestas, sin perjuicio de aquellas particulares que pudieran aplicarse a algunos de los servicios concretos ofrecidos a trav\u00e9s del sitio Web, quedando el usuario informado, y aceptando, que el acceso a la presente web no supone, en modo alguno, el inicio de una relaci\u00f3n comercial con ALED INSTALACIONES.<\/p>\n<p>ALED INSTALACIONES se reserva el derecho de modificar en cualquier momento las presentes condiciones de uso as\u00ed como cualesquiera otras condiciones particulares, pudiendo cambiar, suprimir o a\u00f1adir tanto los contenidos y servicios que se presten a trav\u00e9s de la misma como la forma en la que \u00e9stos aparezcan presentados o localizados en sus servidores.<\/p>\n<p>Este sitio web y todo su material pertenecen a ALED INSTALACIONES. Este Sitio o cualquier parte del mismo no se podr\u00e1 reproducir, duplicar, copiar, vender, revender ni explotar para cualquier fin comercial o de otro tipo que no sea expresamente permitido por ALED INSTALACIONES. La modificaci\u00f3n de los materiales o el uso de los mismos para otro fin constituyen una violaci\u00f3n de la ley del Copyright y de otros derechos de marca registrada.<\/p>\n<h1><span style=\"color: #000000;\">RESPONSABILIDAD LIMITADA<\/span><\/h1>\n<p>ALED INSTALACIONES no se identifica con las opiniones vertidas en el mismo por sus colaboradores.<\/p>\n<p>Bajo ninguna circunstancia ALED INSTALACIONES, sus directivos, empleados, socios, proveedores y aliados tecnol\u00f3gicos ser\u00e1n responsables ante terceros por cualquier da\u00f1o directo o indirecto, econ\u00f3mico, p\u00e9rdida de clientela o p\u00e9rdida de ganancias, resultado del uso de este Sitio Web.<\/p>\n<h1><span style=\"color: #000000;\">MARCAS<\/span><\/h1>\n<p>Las marcas y logotipos que puedan aparecer en este sitio Web pertenecen a ALED INSTALACIONES y a terceros y no pueden utilizarse en ning\u00fan tipo de anuncio o de material publicitario relativos a la distribuci\u00f3n de cualquier informaci\u00f3n o contenido extra\u00eddo de esta p\u00e1gina Web sin el previo consentimiento por escrito del propietario legal de la marca.<\/p>\n<h1><span style=\"color: #000000;\">INFORMACI\u00d3N Y SU ACTUALIZACI\u00d3N<\/span><\/h1>\n<p>ALED INSTALACIONES hace los mayores esfuerzos para asegurar que la informaci\u00f3n que aparece en este Sitio Web sea correcta y se encuentre actualizada. No obstante, no se descartan errores tipogr\u00e1ficos u omisiones, por lo que el usuario no deber\u00e1 considerar exacta la informaci\u00f3n sin comprobar antes tal exactitud directamente con ALED INSTALACIONES.<\/p>\n<p>ALED INSTALACIONES no puede controlar el empleo que el usuario da a la informaci\u00f3n y por tanto no ser\u00e1 responsable de ning\u00fan tipo de da\u00f1os o perjuicios, ya sean directos o indirectos, que puedan derivar del empleo de dicha informaci\u00f3n. En ning\u00fan caso resultar\u00e1n afectados los derechos que, como consumidor, puedan corresponder legalmente al cliente de ALED INSTALACIONES.<\/p>\t\t\t\t\t\t\t\t<\/div>\n\t\t\t\t<\/div>\n\t\t\t\t\t<\/div>\n\t\t\t\t<\/div>\n\t\t\t\t<\/div>","protected":false},"excerpt":{"rendered":"<p>El presente documento contiene la regulaci\u00f3n del acceso y la utilizaci\u00f3n de la p\u00e1gina web https:\/\/aledinstalaciones.com, https:\/\/aledinstalaciones.com (en adelante, la p\u00e1gina web) cuyo titular es ALED INGENIERIA E INSTALACIONES EL\u00c9CTRICAS, S.L. (en adelante ALED INSTALACIONES) con CIF.- B47750732. Los nombres de dominio,&nbsp;aledinstalaciones.com&nbsp;y&nbsp;aledinstalaciones.es, est\u00e1n registrados a favor de ALED INSTALACIONES. El domicilio social de ALED INSTALACIONES queda establecido, a los efectos de la presente Informaci\u00f3n Legal, enc\/ Mateo Seoane Sobral 3 47014 Valladolid. El usuario puede ponerse en contacto con nosotros en los siguientes n\u00fameros y e-mail: Tel\u00e9fono (+34) 676352942 E-mail info@aledinstalaciones.com El acceso y\/o utilizaci\u00f3n de la p\u00e1gina web implica la aceptaci\u00f3n y aplicaci\u00f3n de las condiciones a que se refiere el presente documento en el momento de producirse tal acceso y\/o utilizaci\u00f3n. CONDICIONES GENERALES DE USO DE LOS SITIOS WEB El acceso y navegaci\u00f3n en este sitio Web implica la expresa y plena aceptaci\u00f3n de las condiciones aqu\u00ed expuestas, sin perjuicio de aquellas particulares que pudieran aplicarse a algunos de los servicios concretos ofrecidos a trav\u00e9s del sitio Web, quedando el usuario informado, y aceptando, que el acceso a la presente web no supone, en modo alguno, el inicio de una relaci\u00f3n comercial con ALED INSTALACIONES. ALED INSTALACIONES se reserva el derecho de modificar en cualquier momento las presentes condiciones de uso as\u00ed como cualesquiera otras condiciones particulares, pudiendo cambiar, suprimir o a\u00f1adir tanto los contenidos y servicios que se presten a trav\u00e9s de la misma como la forma en la que \u00e9stos aparezcan presentados o localizados en sus servidores. Este sitio web y todo su material pertenecen a ALED INSTALACIONES. Este Sitio o cualquier parte del mismo no se podr\u00e1 reproducir, duplicar, copiar, vender, revender ni explotar para cualquier fin comercial o de otro tipo que no sea expresamente permitido por ALED INSTALACIONES. La modificaci\u00f3n de los materiales o el uso de los mismos para otro fin constituyen una violaci\u00f3n de la ley del Copyright y de otros derechos de marca registrada. RESPONSABILIDAD LIMITADA ALED INSTALACIONES no se identifica con las opiniones vertidas en el mismo por sus colaboradores. Bajo ninguna circunstancia ALED INSTALACIONES, sus directivos, empleados, socios, proveedores y aliados tecnol\u00f3gicos ser\u00e1n responsables ante terceros por cualquier da\u00f1o directo o indirecto, econ\u00f3mico, p\u00e9rdida de clientela o p\u00e9rdida de ganancias, resultado del uso de este Sitio Web. MARCAS Las marcas y logotipos que puedan aparecer en este sitio Web pertenecen a ALED INSTALACIONES y a terceros y no pueden utilizarse en ning\u00fan tipo de anuncio o de material publicitario relativos a la distribuci\u00f3n de cualquier informaci\u00f3n o contenido extra\u00eddo de esta p\u00e1gina Web sin el previo consentimiento por escrito del propietario legal de la marca. INFORMACI\u00d3N Y SU ACTUALIZACI\u00d3N ALED INSTALACIONES hace los mayores esfuerzos para asegurar que la informaci\u00f3n que aparece en este Sitio Web sea correcta y se encuentre actualizada. No obstante, no se descartan errores tipogr\u00e1ficos u omisiones, por lo que el usuario no deber\u00e1 considerar exacta la informaci\u00f3n sin comprobar antes tal exactitud directamente con ALED INSTALACIONES. ALED INSTALACIONES no puede controlar el empleo que el usuario da a la informaci\u00f3n y por tanto no ser\u00e1 responsable de ning\u00fan tipo de da\u00f1os o perjuicios, ya sean directos o indirectos, que puedan derivar del empleo de dicha informaci\u00f3n. En ning\u00fan caso resultar\u00e1n afectados los derechos que, como consumidor, puedan corresponder legalmente al cliente de ALED INSTALACIONES.<\/p>","protected":false},"author":1,"featured_media":0,"parent":0,"menu_order":0,"comment_status":"closed","ping_status":"closed","template":"elementor_header_footer","meta":{"ocean_post_layout":"","ocean_both_sidebars_style":"","ocean_both_sidebars_content_width":0,"ocean_both_sidebars_sidebars_width":0,"ocean_sidebar":"0","ocean_second_sidebar":"0","ocean_disable_margins":"enable","ocean_add_body_class":"","ocean_shortcode_before_top_bar":"","ocean_shortcode_after_top_bar":"","ocean_shortcode_before_header":"","ocean_shortcode_after_header":"","ocean_has_shortcode":"","ocean_shortcode_after_title":"","ocean_shortcode_before_footer_widgets":"","ocean_shortcode_after_footer_widgets":"","ocean_shortcode_before_footer_bottom":"","ocean_shortcode_after_footer_bottom":"","ocean_display_top_bar":"default","ocean_display_header":"default","ocean_header_style":"","ocean_center_header_left_menu":"0","ocean_custom_header_template":"0","ocean_custom_logo":0,"ocean_custom_retina_logo":0,"ocean_custom_logo_max_width":0,"ocean_custom_logo_tablet_max_width":0,"ocean_custom_logo_mobile_max_width":0,"ocean_custom_logo_max_height":0,"ocean_custom_logo_tablet_max_height":0,"ocean_custom_logo_mobile_max_height":0,"ocean_header_custom_menu":"0","ocean_menu_typo_font_family":"0","ocean_menu_typo_font_subset":"","ocean_menu_typo_font_size":0,"ocean_menu_typo_font_size_tablet":0,"ocean_menu_typo_font_size_mobile":0,"ocean_menu_typo_font_size_unit":"px","ocean_menu_typo_font_weight":"","ocean_menu_typo_font_weight_tablet":"","ocean_menu_typo_font_weight_mobile":"","ocean_menu_typo_transform":"","ocean_menu_typo_transform_tablet":"","ocean_menu_typo_transform_mobile":"","ocean_menu_typo_line_height":0,"ocean_menu_typo_line_height_tablet":0,"ocean_menu_typo_line_height_mobile":0,"ocean_menu_typo_line_height_unit":"","ocean_menu_typo_spacing":0,"ocean_menu_typo_spacing_tablet":0,"ocean_menu_typo_spacing_mobile":0,"ocean_menu_typo_spacing_unit":"","ocean_menu_link_color":"","ocean_menu_link_color_hover":"","ocean_menu_link_color_active":"","ocean_menu_link_background":"","ocean_menu_link_hover_background":"","ocean_menu_link_active_background":"","ocean_menu_social_links_bg":"","ocean_menu_social_hover_links_bg":"","ocean_menu_social_links_color":"","ocean_menu_social_hover_links_color":"","ocean_disable_title":"default","ocean_disable_heading":"default","ocean_post_title":"","ocean_post_subheading":"","ocean_post_title_style":"","ocean_post_title_background_color":"","ocean_post_title_background":0,"ocean_post_title_bg_image_position":"","ocean_post_title_bg_image_attachment":"","ocean_post_title_bg_image_repeat":"","ocean_post_title_bg_image_size":"","ocean_post_title_height":0,"ocean_post_title_bg_overlay":0.5,"ocean_post_title_bg_overlay_color":"","ocean_disable_breadcrumbs":"default","ocean_breadcrumbs_color":"","ocean_breadcrumbs_separator_color":"","ocean_breadcrumbs_links_color":"","ocean_breadcrumbs_links_hover_color":"","ocean_display_footer_widgets":"default","ocean_display_footer_bottom":"default","ocean_custom_footer_template":"0","footnotes":""},"class_list":["post-1700","page","type-page","status-publish","hentry","entry"],"aioseo_notices":[],"_links":{"self":[{"href":"https:\/\/aledinstalaciones.com\/en\/wp-json\/wp\/v2\/pages\/1700","targetHints":{"allow":["GET"]}}],"collection":[{"href":"https:\/\/aledinstalaciones.com\/en\/wp-json\/wp\/v2\/pages"}],"about":[{"href":"https:\/\/aledinstalaciones.com\/en\/wp-json\/wp\/v2\/types\/page"}],"author":[{"embeddable":true,"href":"https:\/\/aledinstalaciones.com\/en\/wp-json\/wp\/v2\/users\/1"}],"replies":[{"embeddable":true,"href":"https:\/\/aledinstalaciones.com\/en\/wp-json\/wp\/v2\/comments?post=1700"}],"version-history":[{"count":17,"href":"https:\/\/aledinstalaciones.com\/en\/wp-json\/wp\/v2\/pages\/1700\/revisions"}],"predecessor-version":[{"id":1726,"href":"https:\/\/aledinstalaciones.com\/en\/wp-json\/wp\/v2\/pages\/1700\/revisions\/1726"}],"wp:attachment":[{"href":"https:\/\/aledinstalaciones.com\/en\/wp-json\/wp\/v2\/media?parent=1700"}],"curies":[{"name":"wp","href":"https:\/\/api.w.org\/{rel}","templated":true}]}}